{"id":1004,"date":"2025-06-03T10:51:50","date_gmt":"2025-06-03T08:51:50","guid":{"rendered":"https:\/\/artsmartiauxpondinois.fr\/?page_id=1004"},"modified":"2025-08-06T19:48:13","modified_gmt":"2025-08-06T17:48:13","slug":"informations-dojo","status":"publish","type":"page","link":"https:\/\/artsmartiauxpondinois.fr\/index.php\/informations-dojo\/","title":{"rendered":"Informations Dojo"},"content":{"rendered":"\n<figure class=\"wp-block-image size-large is-resized\"><img loading=\"lazy\" decoding=\"async\" width=\"1024\" height=\"286\" src=\"http:\/\/artsmartiauxpondinois.fr\/wp-content\/uploads\/2025\/05\/BandeauBase_gris-1024x286.png\" alt=\"Bandeau CAMP\" class=\"wp-image-910\" style=\"width:1280px\" srcset=\"https:\/\/artsmartiauxpondinois.fr\/wp-content\/uploads\/2025\/05\/BandeauBase_gris-1024x286.png 1024w, https:\/\/artsmartiauxpondinois.fr\/wp-content\/uploads\/2025\/05\/BandeauBase_gris-300x84.png 300w, https:\/\/artsmartiauxpondinois.fr\/wp-content\/uploads\/2025\/05\/BandeauBase_gris-768x215.png 768w, https:\/\/artsmartiauxpondinois.fr\/wp-content\/uploads\/2025\/05\/BandeauBase_gris.png 1280w\" sizes=\"auto, (max-width: 1024px) 100vw, 1024px\" \/><\/figure>\n\n\n\n<h2 class=\"wp-block-heading\">Informations Dojo<\/h2>\n\n\n\n<p><strong>Adresse : <\/strong><\/p>\n\n\n\n<p>6 bis Avenue de l\u2019Oiselon<br>01160, Pont d\u2019Ain<\/p>\n\n\n\n<p>(Le dojo se situe au bord de rivi\u00e8re d&rsquo;Ain)<\/p>\n\n\n\n<h5 class=\"wp-block-heading\"><strong>Membres du Bureau :<\/strong><\/h5>\n\n\n\n<ul class=\"wp-block-list\">\n<li>Armel RAUX &#8211; Pr\u00e9sident. <strong>06 59 11 30 38<\/strong><\/li>\n\n\n\n<li>Didier VEY &#8211; Pr\u00e9sident Adjoint<\/li>\n\n\n\n<li>Karine CHASTAGNER &#8211; Tr\u00e9sori\u00e8re<\/li>\n\n\n\n<li>Marie-Pascale DUSSAUSSOIS &#8211; Secr\u00e9taire<\/li>\n\n\n\n<li>C\u00e9cilia FAVIER &#8211; Communication<\/li>\n<\/ul>\n\n\n\n<h5 class=\"wp-block-heading\"><strong>R\u00e9f\u00e9rents harc\u00e8lement :<\/strong><\/h5>\n\n\n\n<ul class=\"wp-block-list\">\n<li>Julien Caillon &#8211; <strong>06 70 32 71 67<\/strong><\/li>\n\n\n\n<li>V\u00e9ronique Ravenot &#8211; <strong>06 78 08 48 40<\/strong><\/li>\n<\/ul>\n\n\n\n<h5 class=\"wp-block-heading\"><strong>R\u00e8glement int\u00e9rieur :<\/strong><\/h5>\n\n\n\n<p>Notre r\u00e8glement int\u00e9rieur est disponible <a href=\"http:\/\/artsmartiauxpondinois.fr\/wp-content\/uploads\/2025\/08\/reglement-interne.pdf\" target=\"_blank\">ICI<\/a>.<\/p>\n\n\n\n<hr class=\"wp-block-separator has-alpha-channel-opacity is-style-wide\"\/>\n\n\n\n<p>Inscrit en pr\u00e9fecture N\u00b02\/08102 \u2013 Jeunesse et Sports ET00411<\/p>\n","protected":false},"excerpt":{"rendered":"<p>Informations Dojo Adresse : 6 bis Avenue de l\u2019Oiselon01160, Pont d\u2019Ain (Le dojo se situe au bord de rivi\u00e8re d&rsquo;Ain) Membres du Bureau : R\u00e9f\u00e9rents harc\u00e8lement : R\u00e8glement int\u00e9rieur : Notre r\u00e8glement int\u00e9rieur est disponible ICI. Inscrit en pr\u00e9fecture N\u00b02\/08102 \u2013 Jeunesse et Sports ET00411<\/p>\n","protected":false},"author":1,"featured_media":0,"parent":0,"menu_order":0,"comment_status":"closed","ping_status":"closed","template":"","meta":{"footnotes":""},"class_list":["post-1004","page","type-page","status-publish","hentry"],"blocksy_meta":[],"_links":{"self":[{"href":"https:\/\/artsmartiauxpondinois.fr\/index.php\/wp-json\/wp\/v2\/pages\/1004","targetHints":{"allow":["GET"]}}],"collection":[{"href":"https:\/\/artsmartiauxpondinois.fr\/index.php\/wp-json\/wp\/v2\/pages"}],"about":[{"href":"https:\/\/artsmartiauxpondinois.fr\/index.php\/wp-json\/wp\/v2\/types\/page"}],"author":[{"embeddable":true,"href":"https:\/\/artsmartiauxpondinois.fr\/index.php\/wp-json\/wp\/v2\/users\/1"}],"replies":[{"embeddable":true,"href":"https:\/\/artsmartiauxpondinois.fr\/index.php\/wp-json\/wp\/v2\/comments?post=1004"}],"version-history":[{"count":5,"href":"https:\/\/artsmartiauxpondinois.fr\/index.php\/wp-json\/wp\/v2\/pages\/1004\/revisions"}],"predecessor-version":[{"id":1170,"href":"https:\/\/artsmartiauxpondinois.fr\/index.php\/wp-json\/wp\/v2\/pages\/1004\/revisions\/1170"}],"wp:attachment":[{"href":"https:\/\/artsmartiauxpondinois.fr\/index.php\/wp-json\/wp\/v2\/media?parent=1004"}],"curies":[{"name":"wp","href":"https:\/\/api.w.org\/{rel}","templated":true}]}}