{"id":1010,"date":"2025-06-03T10:57:56","date_gmt":"2025-06-03T08:57:56","guid":{"rendered":"https:\/\/artsmartiauxpondinois.fr\/?page_id=1010"},"modified":"2025-06-03T10:57:56","modified_gmt":"2025-06-03T08:57:56","slug":"enseignants-taiso","status":"publish","type":"page","link":"https:\/\/artsmartiauxpondinois.fr\/index.php\/enseignants-taiso\/","title":{"rendered":"Enseignants Ta\u00efso"},"content":{"rendered":"\n<figure class=\"wp-block-image size-large is-resized\"><img loading=\"lazy\" decoding=\"async\" width=\"1024\" height=\"200\" src=\"http:\/\/artsmartiauxpondinois.fr\/wp-content\/uploads\/2025\/06\/Base_Sections-Taiso-1024x200.jpg\" alt=\"Section Taiso\" class=\"wp-image-940\" style=\"width:1280px\" srcset=\"https:\/\/artsmartiauxpondinois.fr\/wp-content\/uploads\/2025\/06\/Base_Sections-Taiso-1024x200.jpg 1024w, https:\/\/artsmartiauxpondinois.fr\/wp-content\/uploads\/2025\/06\/Base_Sections-Taiso-300x59.jpg 300w, https:\/\/artsmartiauxpondinois.fr\/wp-content\/uploads\/2025\/06\/Base_Sections-Taiso-768x150.jpg 768w, https:\/\/artsmartiauxpondinois.fr\/wp-content\/uploads\/2025\/06\/Base_Sections-Taiso.jpg 1280w\" sizes=\"auto, (max-width: 1024px) 100vw, 1024px\" \/><\/figure>\n\n\n\n<figure class=\"wp-block-image size-full is-resized\"><img loading=\"lazy\" decoding=\"async\" width=\"414\" height=\"745\" src=\"https:\/\/artsmartiauxpondinois.fr\/wp-content\/uploads\/2024\/08\/ChristianRubat-1.jpg\" alt=\"\" class=\"wp-image-808\" style=\"aspect-ratio:3\/4;object-fit:cover;width:230px\" srcset=\"https:\/\/artsmartiauxpondinois.fr\/wp-content\/uploads\/2024\/08\/ChristianRubat-1.jpg 414w, https:\/\/artsmartiauxpondinois.fr\/wp-content\/uploads\/2024\/08\/ChristianRubat-1-167x300.jpg 167w\" sizes=\"auto, (max-width: 414px) 100vw, 414px\" \/><\/figure>\n\n\n\n<p><strong>Christian RUBAT<\/strong> &#8211; Ceinture noire 5e DAN &#8211; CQP <\/p>\n\n\n\n<ul class=\"wp-block-list\">\n<li>Juge CORG (Comit\u00e9 Organisateur r\u00e9gional des grades)<\/li>\n\n\n\n<li>Juge Kata sportif niveau national<\/li>\n\n\n\n<li>Licence nage no Kata \/ kime no Kata \/ kodokan goshin jistu<\/li>\n\n\n\n<li>Secr\u00e9taire CODG (Comit\u00e9 Organisateur D\u00e9partemental des grades)<\/li>\n\n\n\n<li>Responsable d\u00e9partemental commission Culture judo<\/li>\n<\/ul>\n\n\n\n<figure class=\"wp-block-image size-full is-resized\"><img loading=\"lazy\" decoding=\"async\" width=\"542\" height=\"807\" src=\"https:\/\/artsmartiauxpondinois.fr\/wp-content\/uploads\/2024\/08\/ChrystelleLandry.jpg\" alt=\"\" class=\"wp-image-810\" style=\"aspect-ratio:3\/4;object-fit:cover;width:230px\" srcset=\"https:\/\/artsmartiauxpondinois.fr\/wp-content\/uploads\/2024\/08\/ChrystelleLandry.jpg 542w, https:\/\/artsmartiauxpondinois.fr\/wp-content\/uploads\/2024\/08\/ChrystelleLandry-201x300.jpg 201w\" sizes=\"auto, (max-width: 542px) 100vw, 542px\" \/><\/figure>\n\n\n\n<p><strong>Chrystelle LANDRY<\/strong> &#8211; Ceinture noire 3e DAN &#8211; CQP <br> Responsable d\u00e9partementale de la commission F\u00e9minine<\/p>\n\n\n\n<p><\/p>\n","protected":false},"excerpt":{"rendered":"<p>Christian RUBAT &#8211; Ceinture noire 5e DAN &#8211; CQP Chrystelle LANDRY &#8211; Ceinture noire 3e DAN &#8211; CQP Responsable d\u00e9partementale de la commission F\u00e9minine<\/p>\n","protected":false},"author":1,"featured_media":0,"parent":0,"menu_order":0,"comment_status":"closed","ping_status":"closed","template":"","meta":{"footnotes":""},"class_list":["post-1010","page","type-page","status-publish","hentry"],"blocksy_meta":[],"_links":{"self":[{"href":"https:\/\/artsmartiauxpondinois.fr\/index.php\/wp-json\/wp\/v2\/pages\/1010","targetHints":{"allow":["GET"]}}],"collection":[{"href":"https:\/\/artsmartiauxpondinois.fr\/index.php\/wp-json\/wp\/v2\/pages"}],"about":[{"href":"https:\/\/artsmartiauxpondinois.fr\/index.php\/wp-json\/wp\/v2\/types\/page"}],"author":[{"embeddable":true,"href":"https:\/\/artsmartiauxpondinois.fr\/index.php\/wp-json\/wp\/v2\/users\/1"}],"replies":[{"embeddable":true,"href":"https:\/\/artsmartiauxpondinois.fr\/index.php\/wp-json\/wp\/v2\/comments?post=1010"}],"version-history":[{"count":1,"href":"https:\/\/artsmartiauxpondinois.fr\/index.php\/wp-json\/wp\/v2\/pages\/1010\/revisions"}],"predecessor-version":[{"id":1011,"href":"https:\/\/artsmartiauxpondinois.fr\/index.php\/wp-json\/wp\/v2\/pages\/1010\/revisions\/1011"}],"wp:attachment":[{"href":"https:\/\/artsmartiauxpondinois.fr\/index.php\/wp-json\/wp\/v2\/media?parent=1010"}],"curies":[{"name":"wp","href":"https:\/\/api.w.org\/{rel}","templated":true}]}}