{"id":1073,"date":"2025-07-19T22:30:58","date_gmt":"2025-07-19T20:30:58","guid":{"rendered":"https:\/\/artsmartiauxpondinois.fr\/?page_id=1073"},"modified":"2025-07-23T21:29:07","modified_gmt":"2025-07-23T19:29:07","slug":"le-bujinkan","status":"publish","type":"page","link":"https:\/\/artsmartiauxpondinois.fr\/index.php\/le-bujinkan\/","title":{"rendered":"Le Bujinkan"},"content":{"rendered":"\n<figure class=\"wp-block-image size-full is-resized\"><img loading=\"lazy\" decoding=\"async\" width=\"1280\" height=\"250\" src=\"https:\/\/artsmartiauxpondinois.fr\/wp-content\/uploads\/2025\/07\/Base_Sections-Ninjutsu_.jpg\" alt=\"Section Ninjutsu\" class=\"wp-image-1061\" style=\"width:1280px\" srcset=\"https:\/\/artsmartiauxpondinois.fr\/wp-content\/uploads\/2025\/07\/Base_Sections-Ninjutsu_.jpg 1280w, https:\/\/artsmartiauxpondinois.fr\/wp-content\/uploads\/2025\/07\/Base_Sections-Ninjutsu_-300x59.jpg 300w, https:\/\/artsmartiauxpondinois.fr\/wp-content\/uploads\/2025\/07\/Base_Sections-Ninjutsu_-1024x200.jpg 1024w, https:\/\/artsmartiauxpondinois.fr\/wp-content\/uploads\/2025\/07\/Base_Sections-Ninjutsu_-768x150.jpg 768w\" sizes=\"auto, (max-width: 1280px) 100vw, 1280px\" \/><\/figure>\n\n\n\n<p>Le\u00a0<strong>Bujinkan \u6b66\u795e\u9928<\/strong> (La maison du guerrier divin) est une organisation d&rsquo;arts martiaux fond\u00e9e en 1972 et dirig\u00e9e par\u00a0<strong>S\u014dke Masaaki Hatsumi<\/strong>\u00a0, \u00e9l\u00e8ve direct de <strong>Takamatsu Toshitsugu.<\/strong><\/p>\n\n\n\n<p>Nous suivons l\u2019enseignement de\u00a0<em><strong>Ma\u00eetre Masaaki Hatsumi<\/strong><\/em>. Au sein du <strong>Bujinkan<\/strong>, nous \u00e9tudions <strong>9 \u00e9coles d&rsquo;arts martiaux traditionnelles japonaises<\/strong>\u00a0de Bujutsu (combat \u00e0 mains nues, combat avec et contre armes), et de Ninjutsu (espionnage et combat).<\/p>\n\n\n\n<p>C\u2019est un<em><strong>\u00a0<\/strong><\/em><strong>art martial de d\u00e9fense complet<\/strong>, adapt\u00e9 \u00e0 la soci\u00e9t\u00e9 moderne et permettant de s&rsquo;adapter aux situations d&rsquo;aujourd&rsquo;hui. Diff\u00e9rents principes et techniques y sont enseign\u00e9es tel que : chutes, parades, frappes, cl\u00e9s, projections, \u00e9tranglements, contr\u00f4les, esquives, d\u00e9placements\u2026\u00a0mais \u00e9galement les principes du\u00a0travail\u00a0<em><strong>avec et contre armes<\/strong><\/em>\u00a0: couteau, b\u00e2ton, sabre, cha\u00eene, shuriken, armes courtes, moyennes, longues et de jet\u2026.<\/p>\n\n\n\n<hr class=\"wp-block-separator has-alpha-channel-opacity is-style-wide\"\/>\n\n\n\n<h4 class=\"wp-block-heading has-text-align-center has-black-color has-text-color has-link-color wp-elements-957f335757d270210107396dce91fbe6\"><strong>Voici les 9 \u00e9coles que nous \u00e9tudions au sein du <em>Bujinkan<\/em> : <\/strong><\/h4>\n\n\n\n<p class=\"has-text-align-center\"><em><strong>\u2022 Togakure Ry\u016b<\/strong><\/em><br>(\u6238\u96a0\u6d41\u5fcd\u6cd5\u4f53\u8853)<br><em><strong>\u2022 Gyokko Ry\u016b<\/strong><\/em><br>(\u7389\u864e\u6d41\u9aa8\u6307\u8853)<br><strong><em>\u2022 Kuki Shinden Ry\u016b<\/em><\/strong><br>(\u4e5d\u9b3c\u795e\u4f1d\u6d41\u516b\u6cd5\u79d8\u5263\u8853)<\/p>\n\n\n\n<p class=\"has-text-align-center\"><strong><em>\u2022 Koto Ry\u016b<\/em><\/strong><br>(\u864e\u5012\u6d41\u9aa8\u6cd5\u8853)<br><em><strong>\u2022 Shinden Fud\u014d Ry\u016b<\/strong><\/em><br>(\u795e\u4f1d\u4e0d\u52d5\u6d41\u6253\u62f3\u4f53\u8853)<br><em><strong>\u2022 Takagi Y\u014dshin Ry\u016b<\/strong><\/em><br>(\u9ad8\u6728\u63da\u5fc3\u6d41\u67d4\u4f53\u8853)<\/p>\n\n\n\n<p class=\"has-text-align-center\"><em><strong>\u2022 Gikan Ry\u016b<\/strong><\/em><br>(\u7fa9\u9451\u6d41\u9aa8\u6cd5\u8853)<br><em><strong>\u2022 Gyokushin Ry\u016b<\/strong><\/em><br>(\u7389\u5fc3\u6d41\u5fcd\u6cd5)<br><strong><em>\u2022 Kumogakure Ry\u016b<\/em><\/strong><br>(\u96f2\u96a0\u6d41\u5fcd\u6cd5)<\/p>\n\n\n\n<hr class=\"wp-block-separator has-alpha-channel-opacity is-style-wide\"\/>\n\n\n\n<h4 class=\"wp-block-heading has-text-align-center has-black-color has-text-color has-link-color wp-elements-1076e5efbc3cde4ff6a1297c490a1331\"><em>MASAAKI HATSUMI SENSEI :<\/em><\/h4>\n\n\n\n<p><strong>Masaaki Hatsumi<\/strong>&nbsp;est n\u00e9 \u00e0 Noda (Nord-est de Toky\u014d), le 2 d\u00e9cembre 1931. Grad\u00e9 dans plusieurs arts martiaux modernes et anciens (J\u016bd\u014d, Karate Shit\u014d-Ry\u016b, A\u00efkijutsu, Kend\u014d, J\u016bjutsu, Boxe).<\/p>\n\n\n\n<figure class=\"wp-block-image aligncenter size-full is-resized\"><img loading=\"lazy\" decoding=\"async\" width=\"1050\" height=\"1500\" src=\"http:\/\/artsmartiauxpondinois.fr\/wp-content\/uploads\/2025\/07\/HatsumiMasaaki.jpg\" alt=\"Masaaki Hatsumi Sensei\" class=\"wp-image-1076\" style=\"width:200px\" srcset=\"https:\/\/artsmartiauxpondinois.fr\/wp-content\/uploads\/2025\/07\/HatsumiMasaaki.jpg 1050w, https:\/\/artsmartiauxpondinois.fr\/wp-content\/uploads\/2025\/07\/HatsumiMasaaki-210x300.jpg 210w, https:\/\/artsmartiauxpondinois.fr\/wp-content\/uploads\/2025\/07\/HatsumiMasaaki-717x1024.jpg 717w, https:\/\/artsmartiauxpondinois.fr\/wp-content\/uploads\/2025\/07\/HatsumiMasaaki-768x1097.jpg 768w\" sizes=\"auto, (max-width: 1050px) 100vw, 1050px\" \/><\/figure>\n\n\n\n<p>Il enseigne le J\u016bd\u014d sur la base am\u00e9ricaine de Yokota, alors \u00e2g\u00e9 de 20 ans (4\u00e8me Dan \u00e0 cette \u00e9poque). Mis en difficult\u00e9 lors d&rsquo;un combat avec un militaire au gabarit imposant, il comprit que les versions modernis\u00e9es des arts martiaux ne refl\u00e9taient que peu la r\u00e9alit\u00e9 des Kobud\u00f4 (Arts martiaux anciens) pratiqu\u00e9s aux si\u00e8cles pr\u00e9c\u00e9dents.<\/p>\n\n\n\n<p>En effet, quel int\u00e9r\u00eat d&rsquo;\u00e9tudier un art martial, quel qu&rsquo;il soit, si une personne plus forte que vous physiquement peut facilement vous battre ? Il se mit donc en qu\u00eate d&rsquo;un B\u016bd\u014d authentique\u2026<\/p>\n\n\n\n<p>Ses parents pay\u00e8rent un professeur de Kobudo pour venir lui enseigner \u00e0 domicile les Kobujutsu Juhappan (Les 18 cat\u00e9gories de Kob\u016bd\u014d). Il vint \u00e0 bout de cet apprentissage en trois ans. Son professeur lui conseilla alors de faire un voyage \u00e0 l&rsquo;ouest de la r\u00e9gion historique de Iga afin d&rsquo;y rencontrer un vieil homme bien particulier\u2026<\/p>\n\n\n\n<p><strong>Hatsumi Masaaki<\/strong> a 26 ans en 1957 lorsqu&rsquo;il se rend dans la ville de <strong>Kashihara<\/strong> pour rencontrer le r\u00e9put\u00e9\u00a0<strong>Toshitsugu Takamatsu<\/strong>. Lorsqu&rsquo;il le rencontra pour la premi\u00e8re fois il fut frapp\u00e9 par la pr\u00e9sence et la puissance de cet homme. Apr\u00e8s sa mort en 1972, il devint h\u00e9ritier et\u00a0<strong>S\u00f4ke<\/strong>\u00a0des\u00a0neuf \u00e9coles.<\/p>\n\n\n\n<figure class=\"wp-block-image aligncenter size-full is-resized\"><img loading=\"lazy\" decoding=\"async\" width=\"542\" height=\"772\" src=\"http:\/\/artsmartiauxpondinois.fr\/wp-content\/uploads\/2025\/07\/Takamatsu.jpg\" alt=\"Takamatsu Sensei\" class=\"wp-image-1079\" style=\"width:200px\" srcset=\"https:\/\/artsmartiauxpondinois.fr\/wp-content\/uploads\/2025\/07\/Takamatsu.jpg 542w, https:\/\/artsmartiauxpondinois.fr\/wp-content\/uploads\/2025\/07\/Takamatsu-211x300.jpg 211w\" sizes=\"auto, (max-width: 542px) 100vw, 542px\" \/><\/figure>\n\n\n\n<hr class=\"wp-block-separator has-alpha-channel-opacity is-style-wide\"\/>\n\n\n\n<figure class=\"wp-block-image aligncenter size-full is-resized\"><img loading=\"lazy\" decoding=\"async\" width=\"720\" height=\"960\" src=\"https:\/\/artsmartiauxpondinois.fr\/wp-content\/uploads\/2025\/07\/MHS_RA-1.jpg\" alt=\"\" class=\"wp-image-1087\" style=\"width:350px\" srcset=\"https:\/\/artsmartiauxpondinois.fr\/wp-content\/uploads\/2025\/07\/MHS_RA-1.jpg 720w, https:\/\/artsmartiauxpondinois.fr\/wp-content\/uploads\/2025\/07\/MHS_RA-1-225x300.jpg 225w\" sizes=\"auto, (max-width: 720px) 100vw, 720px\" \/><\/figure>\n\n\n\n<figure class=\"wp-block-image aligncenter size-full is-resized\"><img loading=\"lazy\" decoding=\"async\" width=\"1280\" height=\"612\" src=\"https:\/\/artsmartiauxpondinois.fr\/wp-content\/uploads\/2025\/07\/RA_Japan.jpg\" alt=\"\" class=\"wp-image-1088\" style=\"width:1024px\" srcset=\"https:\/\/artsmartiauxpondinois.fr\/wp-content\/uploads\/2025\/07\/RA_Japan.jpg 1280w, https:\/\/artsmartiauxpondinois.fr\/wp-content\/uploads\/2025\/07\/RA_Japan-300x143.jpg 300w, https:\/\/artsmartiauxpondinois.fr\/wp-content\/uploads\/2025\/07\/RA_Japan-1024x490.jpg 1024w, https:\/\/artsmartiauxpondinois.fr\/wp-content\/uploads\/2025\/07\/RA_Japan-768x367.jpg 768w\" sizes=\"auto, (max-width: 1280px) 100vw, 1280px\" \/><\/figure>\n","protected":false},"excerpt":{"rendered":"<p>Le\u00a0Bujinkan \u6b66\u795e\u9928 (La maison du guerrier divin) est une organisation d&rsquo;arts martiaux fond\u00e9e en 1972 et dirig\u00e9e par\u00a0S\u014dke Masaaki Hatsumi\u00a0, \u00e9l\u00e8ve direct de Takamatsu Toshitsugu. Nous suivons l\u2019enseignement de\u00a0Ma\u00eetre Masaaki Hatsumi. Au sein du Bujinkan, nous \u00e9tudions 9 \u00e9coles d&rsquo;arts martiaux traditionnelles japonaises\u00a0de Bujutsu (combat \u00e0 mains nues, combat avec et contre armes), et de [&hellip;]<\/p>\n","protected":false},"author":1,"featured_media":0,"parent":0,"menu_order":0,"comment_status":"closed","ping_status":"closed","template":"","meta":{"footnotes":""},"class_list":["post-1073","page","type-page","status-publish","hentry"],"blocksy_meta":[],"_links":{"self":[{"href":"https:\/\/artsmartiauxpondinois.fr\/index.php\/wp-json\/wp\/v2\/pages\/1073","targetHints":{"allow":["GET"]}}],"collection":[{"href":"https:\/\/artsmartiauxpondinois.fr\/index.php\/wp-json\/wp\/v2\/pages"}],"about":[{"href":"https:\/\/artsmartiauxpondinois.fr\/index.php\/wp-json\/wp\/v2\/types\/page"}],"author":[{"embeddable":true,"href":"https:\/\/artsmartiauxpondinois.fr\/index.php\/wp-json\/wp\/v2\/users\/1"}],"replies":[{"embeddable":true,"href":"https:\/\/artsmartiauxpondinois.fr\/index.php\/wp-json\/wp\/v2\/comments?post=1073"}],"version-history":[{"count":6,"href":"https:\/\/artsmartiauxpondinois.fr\/index.php\/wp-json\/wp\/v2\/pages\/1073\/revisions"}],"predecessor-version":[{"id":1089,"href":"https:\/\/artsmartiauxpondinois.fr\/index.php\/wp-json\/wp\/v2\/pages\/1073\/revisions\/1089"}],"wp:attachment":[{"href":"https:\/\/artsmartiauxpondinois.fr\/index.php\/wp-json\/wp\/v2\/media?parent=1073"}],"curies":[{"name":"wp","href":"https:\/\/api.w.org\/{rel}","templated":true}]}}