{"id":131,"date":"2020-09-11T14:58:04","date_gmt":"2020-09-11T12:58:04","guid":{"rendered":"http:\/\/artsmartiauxpondinois.fr\/?page_id=131"},"modified":"2025-08-07T23:58:03","modified_gmt":"2025-08-07T21:58:03","slug":"tarifs-2","status":"publish","type":"page","link":"https:\/\/artsmartiauxpondinois.fr\/index.php\/tarifs-2\/","title":{"rendered":"Tarifs"},"content":{"rendered":"\n<figure class=\"wp-block-image size-large is-resized\"><img loading=\"lazy\" decoding=\"async\" width=\"1024\" height=\"286\" src=\"http:\/\/artsmartiauxpondinois.fr\/wp-content\/uploads\/2025\/05\/BandeauBase_gris-1024x286.png\" alt=\"Bandeau CAMP\" class=\"wp-image-910\" style=\"width:1280px\" srcset=\"https:\/\/artsmartiauxpondinois.fr\/wp-content\/uploads\/2025\/05\/BandeauBase_gris-1024x286.png 1024w, https:\/\/artsmartiauxpondinois.fr\/wp-content\/uploads\/2025\/05\/BandeauBase_gris-300x84.png 300w, https:\/\/artsmartiauxpondinois.fr\/wp-content\/uploads\/2025\/05\/BandeauBase_gris-768x215.png 768w, https:\/\/artsmartiauxpondinois.fr\/wp-content\/uploads\/2025\/05\/BandeauBase_gris.png 1280w\" sizes=\"auto, (max-width: 1024px) 100vw, 1024px\" \/><\/figure>\n\n\n\n<h4 class=\"wp-block-heading\">Judo :<\/h4>\n\n\n\n<ul class=\"wp-block-list\">\n<li>4 \u00e0 6 ans : <strong>165 \u20ac<\/strong><\/li>\n\n\n\n<li>7 \u00e0 14 ans : <strong>180 \u20ac<\/strong><\/li>\n<\/ul>\n\n\n\n<h4 class=\"wp-block-heading\">Ta\u00efso :<\/h4>\n\n\n\n<ul class=\"wp-block-list\">\n<li>A partir de 14 ans : <strong>130 \u20ac<\/strong><\/li>\n\n\n\n<li>+ Pilates : <strong>200 \u20ac<\/strong><\/li>\n<\/ul>\n\n\n\n<h4 class=\"wp-block-heading\">Pilates :<\/h4>\n\n\n\n<ul class=\"wp-block-list\">\n<li>A partir de 14 ans : <strong>130 \u20ac<\/strong><\/li>\n\n\n\n<li>+ Ta\u00efso : <strong>200 \u20ac<\/strong><\/li>\n<\/ul>\n\n\n\n<h4 class=\"wp-block-heading\">Karat\u00e9 :<\/h4>\n\n\n\n<ul class=\"wp-block-list\">\n<li>Baby &#8211; 6 \u00e0 8 ans : <strong>165 \u20ac<\/strong><\/li>\n\n\n\n<li>9 \u00e0 11 ans : <strong>180 \u20ac<\/strong><\/li>\n\n\n\n<li>A partir de 12 ans \/ Adultes : <strong>210 \u20ac<\/strong><\/li>\n<\/ul>\n\n\n\n<h4 class=\"wp-block-heading\">Self D\u00e9fense :<\/h4>\n\n\n\n<ul class=\"wp-block-list\">\n<li>A partir de 13 ans \/ Adultes : <strong>150 \u20ac<\/strong> <\/li>\n<\/ul>\n\n\n\n<h4 class=\"wp-block-heading\">Ninjutsu :<\/h4>\n\n\n\n<ul class=\"wp-block-list\">\n<li>A partir de 16 ans : <strong>210 \u20ac<\/strong><\/li>\n\n\n\n<li>NinjaKids 8 \u00e0 15 ans : <strong>165 \u20ac<\/strong><\/li>\n<\/ul>\n\n\n\n<hr class=\"wp-block-separator has-css-opacity\"\/>\n\n\n\n<p style=\"font-size:clamp(14px, 0.875rem + ((1vw - 3.2px) * 0.078), 15px);px\">Passeport Judo : <strong>8 \u20ac<\/strong> &#8211; Dossard Judo : <strong>10 \u20ac<\/strong> &#8211; Passeport Karat\u00e9 : <strong>25 \u20ac<\/strong><\/p>\n\n\n\n<p class=\"has-primary-color has-text-color has-small-font-size\">Fournir un Certificat M\u00e9dical autorisant la pratique du ( Nom de la discipline ) en comp\u00e9tition (pour le Judo et le Karat\u00e9) <strong>OU<\/strong> attestation si certificat de moins de 3 ans .<\/p>\n\n\n\n<p style=\"font-size:12px\"><strong>Une r\u00e9duction de 10 \u20ac pour la 2\u00e8me et de 20 \u20ac pour les autres membres de la m\u00eame famille (Parents-enfants). Possibilit\u00e9 de r\u00e8glement en trois fois <\/strong><em>( par ch\u00e8que uniquement et sont \u00e9tablis le jour de l&rsquo;inscription et son encaiss\u00e9s chaque mois ). <\/em><strong>Le club accepte : les ch\u00e8ques vacances, les coupons sports,  le PASS&rsquo;R\u00e9gion &#8211; ( Gar\u00e7on 30 \u20ac ; F\u00e9minine 60 \u20ac ) Lyc\u00e9e, Ch\u00e8que Jeunes 01 -(5 \u20ac X 5) Coll\u00e8ge. <\/strong><\/p>\n","protected":false},"excerpt":{"rendered":"<p>Judo : Ta\u00efso : Pilates : Karat\u00e9 : Self D\u00e9fense : Ninjutsu : Passeport Judo : 8 \u20ac &#8211; Dossard Judo : 10 \u20ac &#8211; Passeport Karat\u00e9 : 25 \u20ac Fournir un Certificat M\u00e9dical autorisant la pratique du ( Nom de la discipline ) en comp\u00e9tition (pour le Judo et le Karat\u00e9) OU attestation si [&hellip;]<\/p>\n","protected":false},"author":2,"featured_media":0,"parent":0,"menu_order":0,"comment_status":"closed","ping_status":"closed","template":"","meta":{"footnotes":""},"class_list":["post-131","page","type-page","status-publish","hentry"],"blocksy_meta":[],"_links":{"self":[{"href":"https:\/\/artsmartiauxpondinois.fr\/index.php\/wp-json\/wp\/v2\/pages\/131","targetHints":{"allow":["GET"]}}],"collection":[{"href":"https:\/\/artsmartiauxpondinois.fr\/index.php\/wp-json\/wp\/v2\/pages"}],"about":[{"href":"https:\/\/artsmartiauxpondinois.fr\/index.php\/wp-json\/wp\/v2\/types\/page"}],"author":[{"embeddable":true,"href":"https:\/\/artsmartiauxpondinois.fr\/index.php\/wp-json\/wp\/v2\/users\/2"}],"replies":[{"embeddable":true,"href":"https:\/\/artsmartiauxpondinois.fr\/index.php\/wp-json\/wp\/v2\/comments?post=131"}],"version-history":[{"count":34,"href":"https:\/\/artsmartiauxpondinois.fr\/index.php\/wp-json\/wp\/v2\/pages\/131\/revisions"}],"predecessor-version":[{"id":1179,"href":"https:\/\/artsmartiauxpondinois.fr\/index.php\/wp-json\/wp\/v2\/pages\/131\/revisions\/1179"}],"wp:attachment":[{"href":"https:\/\/artsmartiauxpondinois.fr\/index.php\/wp-json\/wp\/v2\/media?parent=131"}],"curies":[{"name":"wp","href":"https:\/\/api.w.org\/{rel}","templated":true}]}}