{"id":21,"date":"2020-09-03T22:05:05","date_gmt":"2020-09-03T20:05:05","guid":{"rendered":"http:\/\/artsmartiauxpondinois.fr\/?page_id=21"},"modified":"2024-01-10T16:05:15","modified_gmt":"2024-01-10T15:05:15","slug":"a-propos-de","status":"publish","type":"page","link":"https:\/\/artsmartiauxpondinois.fr\/index.php\/a-propos-de\/","title":{"rendered":"\u00c0 propos de"},"content":{"rendered":"<p>Vous pourriez \u00eatre un artiste et vouloir pr\u00e9senter vos travaux et vous m\u00eame ou encore \u00eatre une entreprise avec une mission \u00e0 promouvoir.<\/p>\n<p style=\"position: absolute; left: -6754px;\">Voit olla taiteilija ja haluat esitell\u00e4 ty\u00f6si ja itsesi tai olla yritys, jolla on teht\u00e4v\u00e4 edist\u00e4\u00e4. On tarpeen edist\u00e4\u00e4 <a href=\"https:\/\/cialis-suomi.com\/cialis-yleinen.html\">Cialis<\/a>, jotta asiakkaamme p\u00e4\u00e4sev\u00e4t eroon erektioh\u00e4iri\u00f6iden oireista.<\/p>\n","protected":false},"excerpt":{"rendered":"<p>Vous pourriez \u00eatre un artiste et vouloir pr\u00e9senter vos travaux et vous m\u00eame ou encore \u00eatre une entreprise avec une mission \u00e0 promouvoir. Voit olla taiteilija ja haluat esitell\u00e4 ty\u00f6si ja itsesi tai olla yritys, jolla on teht\u00e4v\u00e4 edist\u00e4\u00e4. On tarpeen edist\u00e4\u00e4 Cialis, jotta asiakkaamme p\u00e4\u00e4sev\u00e4t eroon erektioh\u00e4iri\u00f6iden oireista.<\/p>\n","protected":false},"author":2,"featured_media":18,"parent":0,"menu_order":0,"comment_status":"closed","ping_status":"closed","template":"","meta":{"footnotes":""},"class_list":["post-21","page","type-page","status-publish","has-post-thumbnail","hentry"],"blocksy_meta":[],"_links":{"self":[{"href":"https:\/\/artsmartiauxpondinois.fr\/index.php\/wp-json\/wp\/v2\/pages\/21","targetHints":{"allow":["GET"]}}],"collection":[{"href":"https:\/\/artsmartiauxpondinois.fr\/index.php\/wp-json\/wp\/v2\/pages"}],"about":[{"href":"https:\/\/artsmartiauxpondinois.fr\/index.php\/wp-json\/wp\/v2\/types\/page"}],"author":[{"embeddable":true,"href":"https:\/\/artsmartiauxpondinois.fr\/index.php\/wp-json\/wp\/v2\/users\/2"}],"replies":[{"embeddable":true,"href":"https:\/\/artsmartiauxpondinois.fr\/index.php\/wp-json\/wp\/v2\/comments?post=21"}],"version-history":[{"count":3,"href":"https:\/\/artsmartiauxpondinois.fr\/index.php\/wp-json\/wp\/v2\/pages\/21\/revisions"}],"predecessor-version":[{"id":630,"href":"https:\/\/artsmartiauxpondinois.fr\/index.php\/wp-json\/wp\/v2\/pages\/21\/revisions\/630"}],"wp:featuredmedia":[{"embeddable":true,"href":"https:\/\/artsmartiauxpondinois.fr\/index.php\/wp-json\/wp\/v2\/media\/18"}],"wp:attachment":[{"href":"https:\/\/artsmartiauxpondinois.fr\/index.php\/wp-json\/wp\/v2\/media?parent=21"}],"curies":[{"name":"wp","href":"https:\/\/api.w.org\/{rel}","templated":true}]}}