{"id":678,"date":"2024-04-10T14:24:45","date_gmt":"2024-04-10T12:24:45","guid":{"rendered":"https:\/\/artsmartiauxpondinois.fr\/?page_id=678"},"modified":"2025-06-03T10:39:37","modified_gmt":"2025-06-03T08:39:37","slug":"passages-de-grade-ceinture-noire","status":"publish","type":"page","link":"https:\/\/artsmartiauxpondinois.fr\/index.php\/karate\/passages-de-grade-ceinture-noire\/","title":{"rendered":"Fiche inscription passsages de grades"},"content":{"rendered":"\n<figure class=\"wp-block-image size-large is-resized\"><img loading=\"lazy\" decoding=\"async\" width=\"1024\" height=\"200\" src=\"http:\/\/artsmartiauxpondinois.fr\/wp-content\/uploads\/2025\/06\/Base_Sections-Karate-1024x200.jpg\" alt=\"Section Karat\u00e9\" class=\"wp-image-937\" style=\"width:1280px\" srcset=\"https:\/\/artsmartiauxpondinois.fr\/wp-content\/uploads\/2025\/06\/Base_Sections-Karate-1024x200.jpg 1024w, https:\/\/artsmartiauxpondinois.fr\/wp-content\/uploads\/2025\/06\/Base_Sections-Karate-300x59.jpg 300w, https:\/\/artsmartiauxpondinois.fr\/wp-content\/uploads\/2025\/06\/Base_Sections-Karate-768x150.jpg 768w, https:\/\/artsmartiauxpondinois.fr\/wp-content\/uploads\/2025\/06\/Base_Sections-Karate.jpg 1280w\" sizes=\"auto, (max-width: 1024px) 100vw, 1024px\" \/><\/figure>\n\n\n\n<p>Les passages de grades \u00e0 partir de la ceinture noire sont organis\u00e9s en externe. Les postulants au passage de la ceinture noire et dans sup\u00e9rieurs doivent compl\u00e9ter le formulaire ci-joint et le retourner <strong>un mois minimum avant la date de l&rsquo;examen<\/strong><\/p>\n\n\n\n<div data-wp-interactive=\"core\/file\" class=\"wp-block-file\"><object data-wp-bind--hidden=\"!state.hasPdfPreview\" hidden class=\"wp-block-file__embed\" data=\"https:\/\/artsmartiauxpondinois.fr\/wp-content\/uploads\/2024\/04\/fiche-d-inscription-CODG-2023-2024.pdf\" type=\"application\/pdf\" style=\"width:100%;height:600px\" aria-label=\"Contenu embarqu\u00e9 fiche-d-inscription-CODG-2023-2024.\"><\/object><a id=\"wp-block-file--media-8ebbfa27-a357-4691-bcf8-75154cecc7ad\" href=\"https:\/\/artsmartiauxpondinois.fr\/wp-content\/uploads\/2024\/04\/fiche-d-inscription-CODG-2023-2024.pdf\">fiche-d-inscription-CODG-2023-2024<\/a><a href=\"https:\/\/artsmartiauxpondinois.fr\/wp-content\/uploads\/2024\/04\/fiche-d-inscription-CODG-2023-2024.pdf\" class=\"wp-block-file__button wp-element-button\" download aria-describedby=\"wp-block-file--media-8ebbfa27-a357-4691-bcf8-75154cecc7ad\">T\u00e9l\u00e9charger<\/a><\/div>\n","protected":false},"excerpt":{"rendered":"<p>Les passages de grades \u00e0 partir de la ceinture noire sont organis\u00e9s en externe. Les postulants au passage de la ceinture noire et dans sup\u00e9rieurs doivent compl\u00e9ter le formulaire ci-joint et le retourner un mois minimum avant la date de l&rsquo;examen<\/p>\n","protected":false},"author":11,"featured_media":0,"parent":99,"menu_order":5,"comment_status":"closed","ping_status":"closed","template":"","meta":{"footnotes":""},"class_list":["post-678","page","type-page","status-publish","hentry"],"blocksy_meta":[],"_links":{"self":[{"href":"https:\/\/artsmartiauxpondinois.fr\/index.php\/wp-json\/wp\/v2\/pages\/678","targetHints":{"allow":["GET"]}}],"collection":[{"href":"https:\/\/artsmartiauxpondinois.fr\/index.php\/wp-json\/wp\/v2\/pages"}],"about":[{"href":"https:\/\/artsmartiauxpondinois.fr\/index.php\/wp-json\/wp\/v2\/types\/page"}],"author":[{"embeddable":true,"href":"https:\/\/artsmartiauxpondinois.fr\/index.php\/wp-json\/wp\/v2\/users\/11"}],"replies":[{"embeddable":true,"href":"https:\/\/artsmartiauxpondinois.fr\/index.php\/wp-json\/wp\/v2\/comments?post=678"}],"version-history":[{"count":3,"href":"https:\/\/artsmartiauxpondinois.fr\/index.php\/wp-json\/wp\/v2\/pages\/678\/revisions"}],"predecessor-version":[{"id":993,"href":"https:\/\/artsmartiauxpondinois.fr\/index.php\/wp-json\/wp\/v2\/pages\/678\/revisions\/993"}],"up":[{"embeddable":true,"href":"https:\/\/artsmartiauxpondinois.fr\/index.php\/wp-json\/wp\/v2\/pages\/99"}],"wp:attachment":[{"href":"https:\/\/artsmartiauxpondinois.fr\/index.php\/wp-json\/wp\/v2\/media?parent=678"}],"curies":[{"name":"wp","href":"https:\/\/api.w.org\/{rel}","templated":true}]}}