{"id":70,"date":"2020-09-08T15:19:20","date_gmt":"2020-09-08T13:19:20","guid":{"rendered":"http:\/\/artsmartiauxpondinois.fr\/?page_id=70"},"modified":"2025-09-25T18:04:12","modified_gmt":"2025-09-25T16:04:12","slug":"horaires-judo","status":"publish","type":"page","link":"https:\/\/artsmartiauxpondinois.fr\/index.php\/horaires-judo\/","title":{"rendered":"Horaires Judo"},"content":{"rendered":"\n<figure class=\"wp-block-image size-large is-resized\"><img loading=\"lazy\" decoding=\"async\" width=\"1024\" height=\"200\" src=\"http:\/\/artsmartiauxpondinois.fr\/wp-content\/uploads\/2025\/08\/Base_Sections-Judo-1024x200.jpg\" alt=\"\" class=\"wp-image-1171\" style=\"width:1280px\" srcset=\"https:\/\/artsmartiauxpondinois.fr\/wp-content\/uploads\/2025\/08\/Base_Sections-Judo-1024x200.jpg 1024w, https:\/\/artsmartiauxpondinois.fr\/wp-content\/uploads\/2025\/08\/Base_Sections-Judo-300x59.jpg 300w, https:\/\/artsmartiauxpondinois.fr\/wp-content\/uploads\/2025\/08\/Base_Sections-Judo-768x150.jpg 768w, https:\/\/artsmartiauxpondinois.fr\/wp-content\/uploads\/2025\/08\/Base_Sections-Judo.jpg 1280w\" sizes=\"auto, (max-width: 1024px) 100vw, 1024px\" \/><\/figure>\n\n\n\n<h4 class=\"wp-block-heading\"><strong>Horaires Judo :<\/strong><\/h4>\n\n\n\n<ul class=\"wp-block-list\">\n<li>4 \u00e0 6 ans &#8211; Lundi de 17H30 \u00e0 18H30 et Mercredi de 14H00 \u00e0 15H00<\/li>\n\n\n\n<li>\u00e0 partir de 7 ans &#8211; Lundi de 18H30 \u00e0 19H30 et Mercredi de 15H00 \u00e0 16H30<\/li>\n<\/ul>\n\n\n\n<p><\/p>\n","protected":false},"excerpt":{"rendered":"<p>Horaires Judo :<\/p>\n","protected":false},"author":2,"featured_media":0,"parent":0,"menu_order":0,"comment_status":"closed","ping_status":"closed","template":"","meta":{"footnotes":""},"class_list":["post-70","page","type-page","status-publish","hentry"],"blocksy_meta":[],"_links":{"self":[{"href":"https:\/\/artsmartiauxpondinois.fr\/index.php\/wp-json\/wp\/v2\/pages\/70","targetHints":{"allow":["GET"]}}],"collection":[{"href":"https:\/\/artsmartiauxpondinois.fr\/index.php\/wp-json\/wp\/v2\/pages"}],"about":[{"href":"https:\/\/artsmartiauxpondinois.fr\/index.php\/wp-json\/wp\/v2\/types\/page"}],"author":[{"embeddable":true,"href":"https:\/\/artsmartiauxpondinois.fr\/index.php\/wp-json\/wp\/v2\/users\/2"}],"replies":[{"embeddable":true,"href":"https:\/\/artsmartiauxpondinois.fr\/index.php\/wp-json\/wp\/v2\/comments?post=70"}],"version-history":[{"count":12,"href":"https:\/\/artsmartiauxpondinois.fr\/index.php\/wp-json\/wp\/v2\/pages\/70\/revisions"}],"predecessor-version":[{"id":1263,"href":"https:\/\/artsmartiauxpondinois.fr\/index.php\/wp-json\/wp\/v2\/pages\/70\/revisions\/1263"}],"wp:attachment":[{"href":"https:\/\/artsmartiauxpondinois.fr\/index.php\/wp-json\/wp\/v2\/media?parent=70"}],"curies":[{"name":"wp","href":"https:\/\/api.w.org\/{rel}","templated":true}]}}