{"id":889,"date":"2025-05-12T11:58:16","date_gmt":"2025-05-12T09:58:16","guid":{"rendered":"https:\/\/artsmartiauxpondinois.fr\/?page_id=889"},"modified":"2026-02-12T11:33:18","modified_gmt":"2026-02-12T10:33:18","slug":"base","status":"publish","type":"page","link":"https:\/\/artsmartiauxpondinois.fr\/","title":{"rendered":"Accueil &#8211; New 25"},"content":{"rendered":"\n<div class=\"wp-block-stackable-hero alignfull stk-block-hero stk-has-bottom-separator stk-block stk-67d0dc6 stk-block-background stk--has-background-overlay\" data-v=\"2\" data-block-id=\"67d0dc6\"><style>.stk-67d0dc6-inner-blocks{align-items:center !important;justify-content:space-evenly !important;}.stk-67d0dc6 {background-color:#393c3d !important;background-image:url(http:\/\/artsmartiauxpondinois.fr\/wp-content\/uploads\/2025\/05\/BandeauBase_gris.png) !important;background-position:center center !important;background-repeat:no-repeat !important;background-size:100% !important;border-top-left-radius:0px !important;border-top-right-radius:0px !important;border-bottom-right-radius:0px !important;border-bottom-left-radius:0px !important;overflow:hidden !important;box-shadow:none !important;border-style:solid !important;border-top-width:0px !important;border-right-width:0px !important;border-bottom-width:0px !important;border-left-width:0px !important;min-height:450px !important;align-items:flex-start !important;margin-bottom:0px !important;display:flex !important;}.stk-67d0dc6:before{background-color:#393c3d !important;opacity:0.1 !important;}.stk-67d0dc6 .stk-block-hero__content{min-height:500px !important;align-items:center !important;display:flex !important;}.stk-67d0dc6 > .stk-separator__bottom .stk-separator__wrapper{transform:scaleX(1) !important;height:223px !important;}.stk-67d0dc6 > .stk-separator__bottom svg{filter:drop-shadow(2px 4px 6px #000) !important;}<\/style><div class=\"stk-block-hero__content stk-content-align stk-67d0dc6-column alignfull stk-container stk-67d0dc6-container stk--no-background stk--no-padding\"><div class=\"stk-block-content stk-inner-blocks has-text-align-center stk--column-flex stk-67d0dc6-inner-blocks\">\n<div class=\"wp-block-stackable-heading stk-block-heading stk-block-heading--v2 stk-block stk-e9be6f3\" id=\"centre-d-arts-martiaux-pondinois\" data-block-id=\"e9be6f3\"><style>.stk-e9be6f3 .stk-block-heading__text{text-shadow:4px 0px 0px #000000 !important;font-size:50px !important;color:#ee1000 !important;font-weight:900 !important;font-family:\"Lato\", Sans-serif !important;}@media screen and (max-width:999px){.stk-e9be6f3 .stk-block-heading__text{font-size:50px !important;}}<\/style><h1 class=\"stk-block-heading__text has-text-color has-white-color has-text-align-left\">Centre d&rsquo;Arts Martiaux Pondinois<\/h1><\/div>\n\n\n\n<p><\/p>\n\n\n\n<p><\/p>\n\n\n\n<p><\/p>\n<\/div><\/div><div class=\"stk-separator stk-separator__bottom\"><div class=\"stk-separator__wrapper\"><svg xmlns=\"http:\/\/www.w3.org\/2000\/svg\" viewBox=\"0 0 1600 200\" class=\"stk-separator__layer-1\" preserveAspectRatio=\"none\" aria-hidden=\"true\"><path class=\"wave-1_svg__st2\" d=\"M1341.4 48.9c-182.4 0-254.2 80.4-429.4 80.4-117.8 0-209.7-67.5-393.5-67.5-142.2 0-212.6 38.8-324.6 38.8S-10 64.7-10 64.7V210h1620V102c-110.6-40.2-181-53.1-268.6-53.1z\"><\/path><\/svg><\/div><\/div><\/div>\n\n\n\n<p class=\"has-text-align-center\">Bienvenue sur le site du Centre d&rsquo;arts martiaux Pondinois. <\/p>\n\n\n\n<h2 class=\"wp-block-heading has-text-align-center has-vivid-red-color has-text-color has-link-color wp-elements-93f36c851608603451871e8e196ac2c5\">Informations :<\/h2>\n\n\n\n<h4 class=\"wp-block-heading has-text-align-center\">Fiche de Pr\u00e9-inscription 2025\/2026 : <a href=\"https:\/\/forms.gle\/vduLrT31hAZ38uHY8\" data-type=\"link\" data-id=\"https:\/\/forms.gle\/vduLrT31hAZ38uHY8\" target=\"_blank\" rel=\"noreferrer noopener\">ICI<\/a><\/h4>\n\n\n\n<hr class=\"wp-block-separator has-alpha-channel-opacity is-style-wide\"\/>\n\n\n\n<h4 class=\"wp-block-heading has-text-align-center\">Stage de KALI Escrima &#8211; Samedi 28 Mars 2026 de 14H30 \u00e0 16H30<\/h4>\n\n\n\n<p class=\"has-text-align-center\">Afin de pouvoir organiser au mieux ce stage, l&rsquo;inscription et le paiement sont obligatoires. <strong>30 participants maximum.<\/strong> Cliquez sur Participer. <br>Ce stage sera anim\u00e9 par <strong>Christophe Bellon<\/strong>, instructeur en Jeet kune do, kali, silat, self d\u00e9fense et form\u00e9 \u00e0 l&rsquo;instant syst\u00e8me et au syst\u00e8me MARS de Ron Balicki.<\/p>\n\n\n\n<center><iframe id=\"haWidget\" allowtransparency=\"true\" src=\"https:\/\/www.helloasso.com\/associations\/centre-d-arts-martiaux-pondinois\/evenements\/stage-kali-escrima-karate\/widget-bouton\" style=\"width: 100%; height: 70px; border: none;\" onload=\"window.addEventListener( 'message', function(e) { const dataHeight = e.data.height; const haWidgetElement = document.getElementById('haWidget'); haWidgetElement.height = dataHeight + 'px'; } )\" ><\/iframe><\/center>\n\n\n\n<figure class=\"wp-block-image size-full\"><img loading=\"lazy\" decoding=\"async\" width=\"1666\" height=\"216\" src=\"https:\/\/artsmartiauxpondinois.fr\/wp-content\/uploads\/2026\/02\/KaliEscrima.jpg\" alt=\"\" class=\"wp-image-1333\" srcset=\"https:\/\/artsmartiauxpondinois.fr\/wp-content\/uploads\/2026\/02\/KaliEscrima.jpg 1666w, https:\/\/artsmartiauxpondinois.fr\/wp-content\/uploads\/2026\/02\/KaliEscrima-300x39.jpg 300w, https:\/\/artsmartiauxpondinois.fr\/wp-content\/uploads\/2026\/02\/KaliEscrima-1024x133.jpg 1024w, https:\/\/artsmartiauxpondinois.fr\/wp-content\/uploads\/2026\/02\/KaliEscrima-768x100.jpg 768w, https:\/\/artsmartiauxpondinois.fr\/wp-content\/uploads\/2026\/02\/KaliEscrima-1536x199.jpg 1536w\" sizes=\"auto, (max-width: 1666px) 100vw, 1666px\" \/><\/figure>\n\n\n\n<hr class=\"wp-block-separator has-alpha-channel-opacity is-style-wide\"\/>\n\n\n\n<h4 class=\"wp-block-heading has-text-align-center\">Nous organisons une soir\u00e9e 80&prime; 90&prime; &#8211; Samedi 18 Avril 2026.<\/h4>\n\n\n\n<p class=\"has-text-align-center\">Cette soir\u00e9e est uniquement sur r\u00e9servation. Afin de pouvoir r\u00e9server votre place cliquez sur Participer.<\/p>\n\n\n\n<center><iframe id=\"haWidgetButton\" allowtransparency=\"true\" src=\"https:\/\/www.helloasso.com\/associations\/centre-d-arts-martiaux-pondinois\/evenements\/soiree-80-90-du-camp\/widget-bouton\" style=\"width: 100%; height: 70px; border: none;\"><\/iframe><\/center>\n\n\n\n<figure class=\"wp-block-image aligncenter size-large\"><img loading=\"lazy\" decoding=\"async\" width=\"724\" height=\"1024\" src=\"https:\/\/artsmartiauxpondinois.fr\/wp-content\/uploads\/2026\/02\/Soiree8090_2026-724x1024.jpeg\" alt=\"\" class=\"wp-image-1295\" srcset=\"https:\/\/artsmartiauxpondinois.fr\/wp-content\/uploads\/2026\/02\/Soiree8090_2026-724x1024.jpeg 724w, https:\/\/artsmartiauxpondinois.fr\/wp-content\/uploads\/2026\/02\/Soiree8090_2026-212x300.jpeg 212w, https:\/\/artsmartiauxpondinois.fr\/wp-content\/uploads\/2026\/02\/Soiree8090_2026-768x1086.jpeg 768w, https:\/\/artsmartiauxpondinois.fr\/wp-content\/uploads\/2026\/02\/Soiree8090_2026-1086x1536.jpeg 1086w, https:\/\/artsmartiauxpondinois.fr\/wp-content\/uploads\/2026\/02\/Soiree8090_2026.jpeg 1131w\" sizes=\"auto, (max-width: 724px) 100vw, 724px\" \/><\/figure>\n\n\n\n<hr class=\"wp-block-separator has-alpha-channel-opacity is-style-wide\"\/>\n\n\n\n<h4 class=\"wp-block-heading has-text-align-center\"><\/h4>\n\n\n\n<h6 class=\"wp-block-heading has-text-align-center has-vivid-red-color has-text-color has-link-color wp-elements-2e7e2a9023f1517829b36dca723ee0e6\"><strong>Mise a jour du site : 12 F\u00e9vrier 2026<\/strong><\/h6>\n\n\n\n<p><\/p>\n\n\n\n<p><\/p>\n","protected":false},"excerpt":{"rendered":"<p>Centre d&rsquo;Arts Martiaux Pondinois Bienvenue sur le site du Centre d&rsquo;arts martiaux Pondinois. Informations : Fiche de Pr\u00e9-inscription 2025\/2026 : ICI Stage de KALI Escrima &#8211; Samedi 28 Mars 2026 de 14H30 \u00e0 16H30 Afin de pouvoir organiser au mieux ce stage, l&rsquo;inscription et le paiement sont obligatoires. 30 participants maximum. Cliquez sur Participer. Ce [&hellip;]<\/p>\n","protected":false},"author":2,"featured_media":0,"parent":0,"menu_order":0,"comment_status":"closed","ping_status":"closed","template":"","meta":{"footnotes":""},"class_list":["post-889","page","type-page","status-publish","hentry"],"blocksy_meta":[],"_links":{"self":[{"href":"https:\/\/artsmartiauxpondinois.fr\/index.php\/wp-json\/wp\/v2\/pages\/889","targetHints":{"allow":["GET"]}}],"collection":[{"href":"https:\/\/artsmartiauxpondinois.fr\/index.php\/wp-json\/wp\/v2\/pages"}],"about":[{"href":"https:\/\/artsmartiauxpondinois.fr\/index.php\/wp-json\/wp\/v2\/types\/page"}],"author":[{"embeddable":true,"href":"https:\/\/artsmartiauxpondinois.fr\/index.php\/wp-json\/wp\/v2\/users\/2"}],"replies":[{"embeddable":true,"href":"https:\/\/artsmartiauxpondinois.fr\/index.php\/wp-json\/wp\/v2\/comments?post=889"}],"version-history":[{"count":63,"href":"https:\/\/artsmartiauxpondinois.fr\/index.php\/wp-json\/wp\/v2\/pages\/889\/revisions"}],"predecessor-version":[{"id":1334,"href":"https:\/\/artsmartiauxpondinois.fr\/index.php\/wp-json\/wp\/v2\/pages\/889\/revisions\/1334"}],"wp:attachment":[{"href":"https:\/\/artsmartiauxpondinois.fr\/index.php\/wp-json\/wp\/v2\/media?parent=889"}],"curies":[{"name":"wp","href":"https:\/\/api.w.org\/{rel}","templated":true}]}}