{"id":99,"date":"2020-09-08T16:07:13","date_gmt":"2020-09-08T14:07:13","guid":{"rendered":"http:\/\/artsmartiauxpondinois.fr\/?page_id=99"},"modified":"2025-09-01T11:59:00","modified_gmt":"2025-09-01T09:59:00","slug":"karate","status":"publish","type":"page","link":"https:\/\/artsmartiauxpondinois.fr\/index.php\/karate\/","title":{"rendered":"Karat\u00e9"},"content":{"rendered":"\n<figure class=\"wp-block-image size-full is-resized\"><img loading=\"lazy\" decoding=\"async\" width=\"1280\" height=\"250\" src=\"https:\/\/artsmartiauxpondinois.fr\/wp-content\/uploads\/2025\/06\/Base_Sections-Karate.jpg\" alt=\"Section Karat\u00e9\" class=\"wp-image-937\" style=\"width:1280px\" srcset=\"https:\/\/artsmartiauxpondinois.fr\/wp-content\/uploads\/2025\/06\/Base_Sections-Karate.jpg 1280w, https:\/\/artsmartiauxpondinois.fr\/wp-content\/uploads\/2025\/06\/Base_Sections-Karate-300x59.jpg 300w, https:\/\/artsmartiauxpondinois.fr\/wp-content\/uploads\/2025\/06\/Base_Sections-Karate-1024x200.jpg 1024w, https:\/\/artsmartiauxpondinois.fr\/wp-content\/uploads\/2025\/06\/Base_Sections-Karate-768x150.jpg 768w\" sizes=\"auto, (max-width: 1280px) 100vw, 1280px\" \/><\/figure>\n\n\n\n<h4 class=\"wp-block-heading\">Les Arts Martiaux<\/h4>\n\n\n\n<p>Un moine bouddhiste venu d\u2019Inde en chine nomm\u00e9 <strong>BODHIDHARMA (460-534)<\/strong> \u00e9galement connu sous le nom de <strong>DARUMA TAISHI<\/strong> s\u00e9journa au monast\u00e8re Shaolin, fondateur du bouddhisme chan. Il d\u00e9veloppa une m\u00e9thode le <strong>\u00ab\u00a0SHAOLIN-SZU-KEMPO\u00a0\u00bb<\/strong>. Celle-ci avait pour but d\u2019am\u00e9liorer la sant\u00e9 physique des moines du temple Shaolin avec un enseignement d\u2019autod\u00e9fense efficace. La tradition lui accorde une importance dans l\u2019origine des arts martiaux d\u2019extr\u00eame orient.<\/p>\n\n\n\n<figure class=\"wp-block-image aligncenter size-large is-resized\"><img loading=\"lazy\" decoding=\"async\" width=\"710\" height=\"1024\" src=\"https:\/\/artsmartiauxpondinois.fr\/wp-content\/uploads\/2025\/08\/BodhidharmaYoshitoshi-710x1024.jpg\" alt=\"\" class=\"wp-image-1195\" style=\"width:300px\" srcset=\"https:\/\/artsmartiauxpondinois.fr\/wp-content\/uploads\/2025\/08\/BodhidharmaYoshitoshi-710x1024.jpg 710w, https:\/\/artsmartiauxpondinois.fr\/wp-content\/uploads\/2025\/08\/BodhidharmaYoshitoshi-208x300.jpg 208w, https:\/\/artsmartiauxpondinois.fr\/wp-content\/uploads\/2025\/08\/BodhidharmaYoshitoshi-768x1108.jpg 768w, https:\/\/artsmartiauxpondinois.fr\/wp-content\/uploads\/2025\/08\/BodhidharmaYoshitoshi.jpg 796w\" sizes=\"auto, (max-width: 710px) 100vw, 710px\" \/><\/figure>\n\n\n\n<h4 class=\"wp-block-heading\">Le berceau du karat\u00e9<\/h4>\n\n\n\n<p>Okinawa, L\u2019\u00eele principale de la cha\u00eene des <strong>RYU KYU<\/strong> au sud du Japon, a \u00e9t\u00e9 souvent convoit\u00e9e par la Chine et le Japon, elle fut une terre de rencontre des deux cultures. Elle a \u00e9t\u00e9 le t\u00e9moin et l&rsquo;interm\u00e9diaire entre deux civilisations, faisant d\u2019Okinawa la fusion des diverses techniques de combat. Cette \u00eele est consid\u00e9r\u00e9e comme <strong>le lieu d\u2019origine du karat\u00e9.<\/strong><\/p>\n\n\n\n<h4 class=\"wp-block-heading\">Funakoshi Gichin (1869-1957)<\/h4>\n\n\n\n<p><strong>Funakoshi Gichin<\/strong> amena au d\u00e9but des ann\u00e9es 1920 le karat\u00e9 d\u2019Okinawa au Japon et fut de ce fait \u00e0 l\u2019origine d\u2019une \u00e9tape d\u00e9cisive qui donna \u00ab&nbsp;l\u2019art de la main vide&nbsp;\u00bb (KARA-TE). Aucun karateka ne peut nier le r\u00f4le fondamental de cet Okinawa\u00efen quel que soit son style. On lui donne le titre de <strong>\u00ab&nbsp;p\u00e8re du karat\u00e9 moderne&nbsp;\u00bb<\/strong>, son Shotokan fut le creuset o\u00f9 se forg\u00e8rent des experts connus mondialement. A cette \u00e9poque les positions \u00e9taient plus hautes avec des attaques puissantes et courtes.<\/p>\n\n\n\n<figure class=\"wp-block-image aligncenter size-full is-resized\"><img loading=\"lazy\" decoding=\"async\" width=\"722\" height=\"960\" src=\"https:\/\/artsmartiauxpondinois.fr\/wp-content\/uploads\/2025\/08\/funakoshi.jpg\" alt=\"\" class=\"wp-image-1196\" style=\"width:300px\" srcset=\"https:\/\/artsmartiauxpondinois.fr\/wp-content\/uploads\/2025\/08\/funakoshi.jpg 722w, https:\/\/artsmartiauxpondinois.fr\/wp-content\/uploads\/2025\/08\/funakoshi-226x300.jpg 226w\" sizes=\"auto, (max-width: 722px) 100vw, 722px\" \/><\/figure>\n\n\n\n<h4 class=\"wp-block-heading\">Funakoshi Yoshitaka (1906-1945)<\/h4>\n\n\n\n<p><strong>&nbsp;Funakoshi Yoshitaka <\/strong>,3eme Fils de Funakoshi Gichin, fut l\u2019instructeur en chef du dojo Shotokan de son p\u00e8re entre 1938-1945 date de son d\u00e9c\u00e8s. Il eut une part d\u00e9terminante dans l\u2019\u00e9volution du style Shotokan. Ainsi les positions deviennent plus basses, plus fendues presque \u00e9cras\u00e9es au sol, les attaques plus puissantes, plus longues. Il est \u00e0 l\u2019origine de techniques de jambes (yoko-geri, mawashi-geri, fumikomi, ura-mawashi).<\/p>\n\n\n\n<figure class=\"wp-block-image aligncenter size-full is-resized\"><img loading=\"lazy\" decoding=\"async\" width=\"378\" height=\"536\" src=\"https:\/\/artsmartiauxpondinois.fr\/wp-content\/uploads\/2025\/08\/GigoFunakoshi.jpg\" alt=\"\" class=\"wp-image-1197\" style=\"width:300px\" srcset=\"https:\/\/artsmartiauxpondinois.fr\/wp-content\/uploads\/2025\/08\/GigoFunakoshi.jpg 378w, https:\/\/artsmartiauxpondinois.fr\/wp-content\/uploads\/2025\/08\/GigoFunakoshi-212x300.jpg 212w\" sizes=\"auto, (max-width: 378px) 100vw, 378px\" \/><\/figure>\n\n\n\n<h4 class=\"wp-block-heading\">Henri Pl\u00e9e (1923-2014)<\/h4>\n\n\n\n<p><strong>Henri Pl\u00e9e <\/strong>fut le pionner du karat\u00e9 en France dans les ann\u00e9es 1950, il forma nombre de professeurs, ceintures noires, champions, dirigeants qui aujourd\u2019hui sont des experts. Pour promouvoir le Karat\u00e9 en France il a fait venir des maitres du Japon tels que Kase, Kanazawa, Mochizuki et autres\u2026<\/p>\n\n\n\n<figure class=\"wp-block-image aligncenter size-full is-resized\"><img loading=\"lazy\" decoding=\"async\" width=\"250\" height=\"386\" src=\"https:\/\/artsmartiauxpondinois.fr\/wp-content\/uploads\/2025\/08\/henryplee.jpg\" alt=\"\" class=\"wp-image-1198\" style=\"width:300px\" srcset=\"https:\/\/artsmartiauxpondinois.fr\/wp-content\/uploads\/2025\/08\/henryplee.jpg 250w, https:\/\/artsmartiauxpondinois.fr\/wp-content\/uploads\/2025\/08\/henryplee-194x300.jpg 194w\" sizes=\"auto, (max-width: 250px) 100vw, 250px\" \/><\/figure>\n\n\n\n<h4 class=\"wp-block-heading\">Les styles de karat\u00e9<\/h4>\n\n\n\n<p>Plusieurs \u00e9coles de karat\u00e9 existent le : <strong>Shotokan<\/strong>, <strong>Shito-ryu<\/strong>, <strong>Wado-ryu<\/strong>, <strong>Goju-ryu<\/strong>, <strong>Kyokushinkai<\/strong>. Elles se diff\u00e9rencient dans leurs techniques ainsi que leurs m\u00e9thodes selon les maitres fondateurs de chaque style mais elles restent toutes efficaces.<\/p>\n\n\n\n<h4 class=\"wp-block-heading\">Le club de karat\u00e9 Pondinois<\/h4>\n\n\n\n<p>Le club enseigne le Shotokan \u00e0 partir de 6 ans. L\u2019objectif est que chacun pratique cette discipline avec plaisir. La morphologie, l\u2019\u00e2ge ou la souplesse ne sont pas des obstacles pour exercer le Karat\u00e9. Chacun va avoir sa propre \u00e9volution, \u00e0 son rythme. Notre r\u00e9f\u00e9rent Mr Phillipe Cala et les assistants vous proposent : <\/p>\n\n\n\n<p><strong>karat\u00e9 traditionnel&nbsp;:  <\/strong><\/p>\n\n\n\n<ul class=\"wp-block-list\">\n<li>le kihon (enchainements de techniques)&nbsp;&nbsp;<\/li>\n\n\n\n<li>Le kata (apprentissage des 26 katas Shotokan)&nbsp;<\/li>\n\n\n\n<li>Le bunkai (interpr\u00e9tation et application d\u2019un kata)<\/li>\n\n\n\n<li>Le kumit\u00e9 (Application pratique\/combat)<\/li>\n<\/ul>\n\n\n\n<p><strong>Karat\u00e9 comp\u00e9tition&nbsp;: <\/strong> Des cours sp\u00e9cifiques sont mis en place pour les pratiquants d\u00e9sirant participer aux comp\u00e9titions<\/p>\n\n\n\n<ul class=\"wp-block-list\">\n<li>Kumit\u00e9 \/ combat (rencontres sportives)<\/li>\n\n\n\n<li>Kata &nbsp; \/ &nbsp; pr\u00e9sentation technique d\u2019un kata lors d\u2019une comp\u00e9tition.<\/li>\n<\/ul>\n\n\n\n<p><\/p>\n","protected":false},"excerpt":{"rendered":"<p>Les Arts Martiaux Un moine bouddhiste venu d\u2019Inde en chine nomm\u00e9 BODHIDHARMA (460-534) \u00e9galement connu sous le nom de DARUMA TAISHI s\u00e9journa au monast\u00e8re Shaolin, fondateur du bouddhisme chan. Il d\u00e9veloppa une m\u00e9thode le \u00ab\u00a0SHAOLIN-SZU-KEMPO\u00a0\u00bb. Celle-ci avait pour but d\u2019am\u00e9liorer la sant\u00e9 physique des moines du temple Shaolin avec un enseignement d\u2019autod\u00e9fense efficace. La tradition [&hellip;]<\/p>\n","protected":false},"author":2,"featured_media":0,"parent":0,"menu_order":0,"comment_status":"closed","ping_status":"closed","template":"","meta":{"footnotes":""},"class_list":["post-99","page","type-page","status-publish","hentry"],"blocksy_meta":[],"_links":{"self":[{"href":"https:\/\/artsmartiauxpondinois.fr\/index.php\/wp-json\/wp\/v2\/pages\/99","targetHints":{"allow":["GET"]}}],"collection":[{"href":"https:\/\/artsmartiauxpondinois.fr\/index.php\/wp-json\/wp\/v2\/pages"}],"about":[{"href":"https:\/\/artsmartiauxpondinois.fr\/index.php\/wp-json\/wp\/v2\/types\/page"}],"author":[{"embeddable":true,"href":"https:\/\/artsmartiauxpondinois.fr\/index.php\/wp-json\/wp\/v2\/users\/2"}],"replies":[{"embeddable":true,"href":"https:\/\/artsmartiauxpondinois.fr\/index.php\/wp-json\/wp\/v2\/comments?post=99"}],"version-history":[{"count":9,"href":"https:\/\/artsmartiauxpondinois.fr\/index.php\/wp-json\/wp\/v2\/pages\/99\/revisions"}],"predecessor-version":[{"id":1221,"href":"https:\/\/artsmartiauxpondinois.fr\/index.php\/wp-json\/wp\/v2\/pages\/99\/revisions\/1221"}],"wp:attachment":[{"href":"https:\/\/artsmartiauxpondinois.fr\/index.php\/wp-json\/wp\/v2\/media?parent=99"}],"curies":[{"name":"wp","href":"https:\/\/api.w.org\/{rel}","templated":true}]}}